{"id":8,"date":"2020-10-20T13:17:01","date_gmt":"2020-10-20T13:17:01","guid":{"rendered":"http:\/\/educult-egyptembassy.at\/?page_id=8"},"modified":"2026-04-17T07:31:26","modified_gmt":"2026-04-17T07:31:26","slug":"ueber-uns","status":"publish","type":"page","link":"https:\/\/educult-egyptembassy.at\/","title":{"rendered":""},"content":{"rendered":"<div id=\"fb-root\"><\/div>\n\n<figure class=\"wp-block-video\"><video height=\"576\" style=\"aspect-ratio: 1024 \/ 576;\" width=\"1024\" controls src=\"https:\/\/educult-egyptembassy.at\/wp-content\/uploads\/2026\/04\/WhatsApp-Video-2026-04-16-at-09.52.30.mp4\"><\/video><\/figure>\n\n\n\n<p class=\"has-text-align-right\">\u0627\u062c\u0645\u0644 \u0627\u0644\u0627\u0645\u0627\u0643\u0646 \u0627\u0644\u0633\u064a\u0627\u062d\u064a\u0629 \u0641\u064a \u0645\u0635\u0631&#8230;<\/p>\n\n\n\n<p>Die sch\u00f6nsten Reiseziele in \u00c4gypten\u2026<\/p>\n\n\n\n<p>The most beautiful tourist destinations in Egypt\u2026<\/p>\n\n\n\n<p><a href=\"https:\/\/www.facebook.com\/share\/v\/14hxMLGndW1\">https:\/\/www.facebook.com\/share\/v\/14hxMLGndW1<\/a><\/p>\n\n\n\n<p class=\"has-text-align-right\">\u0627\u0644\u0641\u064a\u062f\u064a\u0648 \u0645\u0646 \u0627\u0647\u062f\u0627\u0621 \u0627\u0644\u0627\u0633\u062a\u0627\u0630\u0629 \u0627\u0644\u0643\u0627\u062a\u0628\u0629\/ \u0647\u0627\u0644\u0629 \u0645\u063a\u0627\u0648\u0631\u064a<sup data-fn=\"cb3d7ed2-37c0-4608-937e-312399929de4\" class=\"fn\"><a href=\"#cb3d7ed2-37c0-4608-937e-312399929de4\" id=\"cb3d7ed2-37c0-4608-937e-312399929de4-link\">1<\/a><\/sup><\/p>\n\n\n\n<div class=\"wp-block-columns is-layout-flex wp-container-core-columns-is-layout-9d6595d7 wp-block-columns-is-layout-flex\">\n<div class=\"wp-block-column is-layout-flow wp-block-column-is-layout-flow\" style=\"flex-basis:100%\"><\/div>\n<\/div>\n\n\n\n<blockquote class=\"wp-block-quote is-layout-flow wp-block-quote-is-layout-flow\">\n<div class=\"wp-block-media-text is-stacked-on-mobile is-vertically-aligned-center\" style=\"grid-template-columns:28% auto\"><figure class=\"wp-block-media-text__media\"><img loading=\"lazy\" decoding=\"async\" width=\"682\" height=\"1024\" src=\"https:\/\/www.educult-egyptembassy.at\/wp-content\/uploads\/2025\/08\/khaled-aboshanab-682x1024.jpg\" alt=\"\" class=\"wp-image-597 size-full\" srcset=\"https:\/\/educult-egyptembassy.at\/wp-content\/uploads\/2025\/08\/khaled-aboshanab-682x1024.jpg 682w, https:\/\/educult-egyptembassy.at\/wp-content\/uploads\/2025\/08\/khaled-aboshanab-200x300.jpg 200w, https:\/\/educult-egyptembassy.at\/wp-content\/uploads\/2025\/08\/khaled-aboshanab-768x1153.jpg 768w, https:\/\/educult-egyptembassy.at\/wp-content\/uploads\/2025\/08\/khaled-aboshanab-1023x1536.jpg 1023w, https:\/\/educult-egyptembassy.at\/wp-content\/uploads\/2025\/08\/khaled-aboshanab.jpg 1066w\" sizes=\"auto, (max-width: 682px) 100vw, 682px\" \/><\/figure><div class=\"wp-block-media-text__content\">\n<p>Das \u00c4gyptische B\u00fcro f\u00fcr kulturelle Beziehungen und Studienangelegenheiten der Botschaft der Arabischen Republik \u00c4gypten in Wien w\u00fcnscht ein sch\u00f6nes und erfolgreiches Studienjahr!<\/p>\n<\/div><\/div>\n\n\n\n<p class=\"has-text-align-right\">\u064a\u0633\u0631\u0646\u064a \u0623\u0646 \u0623\u0631\u062d\u0628 \u0628\u062c\u0645\u064a\u0639 \u0627\u0644\u0637\u0644\u0627\u0628 \u0627\u0644\u0645\u0635\u0631\u064a\u064a\u0646 \u0627\u0644\u062f\u0627\u0631\u0633\u064a\u0646 \u0641\u064a \u0627\u0644\u0646\u0645\u0633\u0627 \u0648\u0627\u0644\u0645\u062c\u0631 \u0648\u062c\u0645\u0647\u0648\u0631\u064a\u0629 \u0627\u0644\u062a\u0634\u064a\u0643 \u0648\u0633\u0644\u0648\u0641\u0627\u0643\u064a\u0627 \u0648\u0633\u0644\u0648\u0641\u064a\u0646\u064a\u0627 \u0641\u064a \u0645\u0631\u062d\u0644\u062a\u064a \u0627\u0644\u0628\u0643\u0627\u0644\u0648\u0631\u064a\u0648\u0633 \u0648\u0627\u0644\u062f\u0631\u0627\u0633\u0627\u062a \u0627\u0644\u0639\u0644\u064a\u0627\u060c \u0648\u0623\u062f\u0639\u0645\u0647\u0645. \u0646\u062d\u0646 \u0647\u0646\u0627 \u062c\u0645\u064a\u0639\u064b\u0627 \u0644\u062f\u0639\u0645\u0643\u0645 \u0648\u0631\u0639\u0627\u064a\u062a\u0643\u0645 \u0641\u064a \u062c\u0645\u064a\u0639 \u0627\u0644\u0645\u062c\u0627\u0644\u0627\u062a\u060c \u0644\u0636\u0645\u0627\u0646 \u062a\u0642\u062f\u0645\u0643\u0645 \u0627\u0644\u0623\u0643\u0627\u062f\u064a\u0645\u064a. \u0623\u0648\u062f \u0623\u0646 \u0623\u0630\u0643\u0631\u0643\u0645 \u062c\u0645\u064a\u0639\u064b\u0627 \u0628\u0623\u0646\u0643\u0645 \u0631\u0645\u0632\u064c \u0644\u0645\u0635\u0631\u060c \u0648\u064a\u062c\u0628 \u0623\u0646 \u064a\u0646\u0639\u0643\u0633 \u0630\u0644\u0643 \u0641\u064a \u0633\u0644\u0648\u0643\u0643\u0645 \u0648\u062a\u0635\u0631\u0641\u0627\u062a\u0643\u0645 \u062e\u0644\u0627\u0644 \u0625\u0642\u0627\u0645\u062a\u0643\u0645 \u0641\u064a \u0627\u0644\u062e\u0627\u0631\u062c. \u064a\u0642\u062f\u0645 \u0627\u0644\u0645\u0643\u062a\u0628 \u0627\u0644\u0639\u062f\u064a\u062f \u0645\u0646 \u0627\u0644\u062e\u062f\u0645\u0627\u062a \u0648\u0627\u0644\u0623\u0646\u0634\u0637\u0629 \u0627\u0644\u0623\u0643\u0627\u062f\u064a\u0645\u064a\u0629 \u0648\u0627\u0644\u062f\u0639\u0645 \u0641\u064a \u0645\u062c\u0627\u0644 \u0645\u062a\u0627\u0628\u0639\u0629 \u062a\u0642\u062f\u0645\u0643\u0645 \u0627\u0644\u0623\u0643\u0627\u062f\u064a\u0645\u064a\u060c \u0648\u0627\u0644\u0641\u0639\u0627\u0644\u064a\u0627\u062a \u0627\u0644\u062b\u0642\u0627\u0641\u064a\u0629\u060c \u0648\u062a\u0635\u062f\u064a\u0642 \u0634\u0647\u0627\u062f\u0627\u062a\u0643\u0645 \u0627\u0644\u0631\u0633\u0645\u064a\u0629. \u062a\u0641\u0636\u0644\u0648\u0627 \u0628\u0632\u064a\u0627\u0631\u0629 \u0645\u0648\u0642\u0639\u0646\u0627 \u0627\u0644\u0625\u0644\u0643\u062a\u0631\u0648\u0646\u064a (https:\/\/www.educult-egyptembassy.at \/) \u0644\u0644\u0627\u0637\u0644\u0627\u0639 \u0639\u0644\u0649 \u062c\u0645\u064a\u0639 \u0647\u0630\u0647 \u0627\u0644\u0623\u0646\u0634\u0637\u0629.<br>\u0641\u064a \u0627\u0644\u062e\u062a\u0627\u0645\u060c \u0623\u062a\u0645\u0646\u0649 \u0644\u0643\u0645 \u062c\u0645\u064a\u0639\u064b\u0627 \u0643\u0644 \u0627\u0644\u062a\u0648\u0641\u064a\u0642 \u0648\u0627\u0644\u0646\u062c\u0627\u062d \u0641\u064a \u0645\u0633\u064a\u0631\u0629 \u0645\u0647\u0646\u064a\u0629 \u0646\u0627\u062c\u062d\u0629\u060c \u062a\u0646\u0639\u0643\u0633 \u0625\u064a\u062c\u0627\u0628\u064b\u0627 \u0639\u0644\u0649 \u062a\u0646\u0645\u064a\u0629 \u0648\u0637\u0646\u0646\u0627 \u0627\u0644\u062d\u0628\u064a\u0628 \u0645\u0635\u0631.<br>\u0627\u0644\u0623\u0633\u062a\u0627\u0630 \u0627\u0644\u062f\u0643\u062a\u0648\u0631 \u062e\u0627\u0644\u062f \u0645\u062d\u0645\u062f \u0623\u0646\u0648\u0631 \u0623\u0628\u0648 \u0634\u0646\u0628<br>\u0627\u0644\u0645\u0644\u062d\u0642 \u0627\u0644\u062b\u0642\u0627\u0641\u064a\u060c \u0645\u062f\u064a\u0631 \u0627\u0644\u0645\u0643\u062a\u0628 \u0627\u0644\u062b\u0642\u0627\u0641\u064a \u0648\u0627\u0644\u062a\u0639\u0644\u064a\u0645\u064a \u0627\u0644\u0645\u0635\u0631\u064a\u060c \u0641\u064a\u064a\u0646\u0627\u060c \u0627\u0644\u0646\u0645\u0633\u0627<br>office@educult-egyptembassy.at<\/p>\n\n\n\n<p class=\"has-text-align-left\">As Egyptian Cultural Attach\u00e9, Director of the Egyptian Cultural and Educational Office, Vienna, Austria, it is my pleasure to welcome and support all post- and undergraduate Egyptian students studying in Austria, Hungary, the Czech Republic, Slovakia, and Slovenia. We are all here to support and sponsor you in all aspects, ensuring your smooth academic progress. I want to remind each of you that you are an important image of Egypt, and this should be reflected in your attitude and behavior during your accommodation abroad. We are providing many academic services, activities, and support in terms of following up on your academic progress, cultural events, certification, and authentication of your official transcripts. Please visit our website (https:\/\/www.educult-egyptembassy.at\/) to explore all such activities. At the end, I wish all of you our best wishes and successful career development, which will be reflected in the development of our beloved country, Egypt.<\/p>\n\n\n\n<p class=\"has-text-align-right\">Prof. Dr Khaled Mohamed Anwar Aboshanab<br>Cultural Attach\u00e9, Director of the Egyptian Cultural and Educational Office, Vienna, Austria<\/p>\n\n\n\n<p class=\"has-text-align-left\">Als \u00c4gyptischer Kulturattach\u00e9 und Leiter des \u00c4gyptischen Kultur- und Bildungsb\u00fcros in Wien, \u00d6sterreich, ist es mir ein aufrichtiges Anliegen und eine besondere Ehre, alle \u00e4gyptischen Studierenden im Bachelor- sowie im Postgraduiertenbereich, die in \u00d6sterreich, Ungarn, der Tschechischen Republik, der Slowakei und in Slowenien ihre akademische Ausbildung absolvieren, in herzlicher Verbundenheit willkommen zu hei\u00dfen und Ihnen die uneingeschr\u00e4nkte Unterst\u00fctzung unseres B\u00fcros zu versichern. Unser erkl\u00e4rtes Bestreben ist es, Sie in s\u00e4mtlichen Belangen wohlwollend zu begleiten, Ihnen jede erforderliche Hilfestellung zuteilwerden zu lassen und auf diese Weise den erfolgreichen Fortgang Ihres akademischen und pers\u00f6nlichen Werdegangs sicherzustellen.<\/p>\n\n\n\n<p class=\"has-text-align-left\">Gestatten Sie mir, in diesem Zusammenhang eindringlich zu betonen, dass Sie im Ausland stets die Ehre \u00c4gyptens und das Ansehen unseres Heimatlandes in Ihrer Person repr\u00e4sentieren. Dieses hohe Vertrauen sollte sich in Ihrem Auftreten, Ihrem Verhalten und Ihrer Haltung w\u00e4hrend des gesamten Aufenthaltes widerspiegeln. <\/p>\n\n\n\n<p class=\"has-text-align-left\">Das Kultur- und Bildungsb\u00fcro stellt Ihnen eine Vielzahl an Diensten und Unterst\u00fctzungsleistungen bereit. Diese umfassen insbesondere die kontinuierliche Begleitung und \u00dcberwachung Ihres Studienfortschritts, die Organisation und F\u00f6rderung kultureller Veranstaltungen sowie die Ausstellung, Beglaubigung und rechtliche Best\u00e4tigung offizieller Zeugnisse und Urkunden. F\u00fcr weiterf\u00fchrende Informationen verweise ich Sie ehrerbietig auf unsere Internetpr\u00e4senz unter (https:\/\/www.educult-egyptembassy.at\/).<\/p>\n\n\n\n<p class=\"has-text-align-left\">Abschlie\u00dfend darf ich Ihnen \u2013 im Namen unseres B\u00fcros und in meiner pers\u00f6nlichen Eigenschaft \u2013 die besten W\u00fcnsche f\u00fcr einen erfolgreichen Studienverlauf sowie f\u00fcr Ihre k\u00fcnftige berufliche Laufbahn \u00fcbermitteln. M\u00f6ge Ihr Wirken stets zugleich einen wertvollen Beitrag zur weiteren Entwicklung, zum Fortschritt und zur Erh\u00f6hung des Ansehens unseres geliebten Heimatlandes \u00c4gypten leisten.<\/p>\n\n\n\n<p class=\"has-text-align-right\">Prof. Dr. Khaled Mohamed Anwar Aboshanab<br>Kulturattach\u00e9, Leiter des \u00c4gyptischen Kultur- und Bildungsb\u00fcros, Wien, \u00d6sterreich<\/p>\n\n\n\n<p><\/p>\n\n\n\n<p class=\"has-text-align-right\"><\/p>\n\n\n\n<p class=\"has-text-align-right\"><\/p>\n<\/blockquote>\n\n\n\n<p><\/p>\n\n\n\n<p><\/p>\n\n\n<ol class=\"wp-block-footnotes\"><li id=\"cb3d7ed2-37c0-4608-937e-312399929de4\"> <a href=\"#cb3d7ed2-37c0-4608-937e-312399929de4-link\" aria-label=\"Jump to footnote reference 1\">\u21a9\ufe0e<\/a><\/li><\/ol>","protected":false},"excerpt":{"rendered":"<p>\u0627\u062c\u0645\u0644 \u0627\u0644\u0627\u0645\u0627\u0643\u0646 \u0627\u0644\u0633\u064a\u0627\u062d\u064a\u0629 \u0641\u064a \u0645\u0635\u0631&#8230; Die sch\u00f6nsten Reiseziele in \u00c4gypten\u2026 The most beautiful tourist destinations in Egypt\u2026 https:\/\/www.facebook.com\/share\/v\/14hxMLGndW1 \u0627\u0644\u0641\u064a\u062f\u064a\u0648 \u0645\u0646 \u0627\u0647\u062f\u0627\u0621 \u0627\u0644\u0627\u0633\u062a\u0627\u0630\u0629 \u0627\u0644\u0643\u0627\u062a\u0628\u0629\/ \u0647\u0627\u0644\u0629 \u0645\u063a\u0627\u0648\u0631\u064a<\/p>\n","protected":false},"author":1,"featured_media":0,"parent":0,"menu_order":0,"comment_status":"closed","ping_status":"closed","template":"","meta":{"footnotes":"[{\"id\":\"cb3d7ed2-37c0-4608-937e-312399929de4\",\"content\":\"\"}]"},"class_list":["post-8","page","type-page","status-publish","hentry"],"_links":{"self":[{"href":"https:\/\/educult-egyptembassy.at\/index.php\/wp-json\/wp\/v2\/pages\/8","targetHints":{"allow":["GET"]}}],"collection":[{"href":"https:\/\/educult-egyptembassy.at\/index.php\/wp-json\/wp\/v2\/pages"}],"about":[{"href":"https:\/\/educult-egyptembassy.at\/index.php\/wp-json\/wp\/v2\/types\/page"}],"author":[{"embeddable":true,"href":"https:\/\/educult-egyptembassy.at\/index.php\/wp-json\/wp\/v2\/users\/1"}],"replies":[{"embeddable":true,"href":"https:\/\/educult-egyptembassy.at\/index.php\/wp-json\/wp\/v2\/comments?post=8"}],"version-history":[{"count":43,"href":"https:\/\/educult-egyptembassy.at\/index.php\/wp-json\/wp\/v2\/pages\/8\/revisions"}],"predecessor-version":[{"id":1161,"href":"https:\/\/educult-egyptembassy.at\/index.php\/wp-json\/wp\/v2\/pages\/8\/revisions\/1161"}],"wp:attachment":[{"href":"https:\/\/educult-egyptembassy.at\/index.php\/wp-json\/wp\/v2\/media?parent=8"}],"curies":[{"name":"wp","href":"https:\/\/api.w.org\/{rel}","templated":true}]}}