{"id":57,"date":"2020-10-22T11:24:47","date_gmt":"2020-10-22T11:24:47","guid":{"rendered":"http:\/\/educult-egyptembassy.at\/?page_id=57"},"modified":"2025-10-09T16:54:53","modified_gmt":"2025-10-09T16:54:53","slug":"forschung-grants","status":"publish","type":"page","link":"https:\/\/educult-egyptembassy.at\/index.php\/forschung-grants\/","title":{"rendered":"Forschung\/Grants\/\u0628\u062d\u062b \u0639\u0644\u0645\u064a"},"content":{"rendered":"<div id=\"fb-root\"><\/div>\n\n<p><\/p>\n\n\n\n<p class=\"has-text-align-center\"><strong>\u0627\u0639\u0644\u0627\u0646 \u0639\u0646 \u062a\u0646\u0638\u064a\u0645 \u0627\u0644\u0645\u0639\u0631\u0636 \u0627\u0644\u062f\u0648\u0644\u064a \u0644\u062a\u0633\u0648\u064a\u0642 \u0627\u0644\u0628\u062d\u0648\u062b<\/strong><\/p>\n\n\n\n<p><strong>Ank\u00fcndigung der Internationalen Fachmesse f\u00fcr Forschungsmarketing<\/strong><\/p>\n\n\n\n<p>Das \u00c4gyptische Ministerium f\u00fcr Bildung und wissenschaftliche Forschung hat es sich zur Aufgabe gemacht, wissenschaftliche Forschung und Industrie zu verkn\u00fcpfen und gleichzeitig die internationale Zusammenarbeit in den Bereichen wissenschaftliche Forschung und Technologiemarketing zu f\u00f6rdern. Die Vermarktung wissenschaftlicher Forschungsergebnisse leistet Wesentliches in Hinblick auf das Erreichen einer nachhaltigen Entwicklung und st\u00e4rkt die Rolle der Innovation beim Aufbau einer besseren Zukunft.<strong><\/strong><\/p>\n\n\n\n<p>Daher organisiert die Akademie f\u00fcr wissenschaftliche Forschung und Technologie die Internationale Forschungsmarketing-Ausstellung (IRC EXPO) vom 11. bis 12. Dezember 2025 im St. Regis Hotel in der neuen Verwaltungshauptstadt der Arabischen Republik \u00c4gypten unter der Schirmherrschaft Seiner Exzellenz des Pr\u00e4sidenten der Republik und in Anwesenheit des Premierministers. Die IRC EXPO bietet eine einzigartige Gelegenheit, f\u00fchrendePers\u00f6nlichkeiten und Experten aus Forschung und Industrie zu treffen. Wir laden gro\u00dfe internationale Unternehmen, internationale Organisationen, gro\u00dfe Industrieunternehmen und Startups ein, teilzunehmen und das offizielle Teilnahmeformular f\u00fcr diese Ausstellung \u00fcber die Website auszuf\u00fcllen. <a href=\"https:\/\/irc-expo.eg.net\">https:\/\/irc-expo.eg.net<\/a>&nbsp;<\/p>\n\n\n\n<p>F\u00fcr weitere Fragen kontaktieren Sie uns bitte per E-Mail.<a href=\"mailto:Internationalcooperation.asrt@gmail.com\"><strong>Internationalcooperation.asrt@gmail.com<\/strong><\/a><strong><\/strong><\/p>\n\n\n\n<p>Mit freundlichen Gr\u00fc\u00dfen<strong>,<\/strong><\/p>\n\n\n\n<p><strong>Vizeminister und Leiter des Bereichs Kultur und Missionen<\/strong><\/p>\n\n\n\n<p><strong>Prof. Dr. Ayman Farid<\/strong><\/p>\n\n\n\n<div class=\"custom-css-block\"><style>.aagb_accordion_be6be63a_1 {   }<\/style><\/div><style>\n        .aagb_accordion_be6be63a_1 .aagb__accordion_active .aagb__accordion_body {\n            border-top: 1px solid #ebebeb;\n        }\n        .aagb_accordion_be6be63a_1 .aagb__accordion_container.wp-block-aab-accordion-item .aagb__accordion_head {\n          background-color: #bcb6b638;\n          \n          border-top: none; border-right: none; border-bottom: none; border-left: none;\n          \n        }\n        .aagb_accordion_be6be63a_1 .aagb__accordion_container.wp-block-aab-accordion-item .aagb__accordion_body {\n          \n          \n          \n          border-top: 1px solid #bcb6b638; border-right: none; border-bottom: none; border-left: none;\n          \n        }\n        \n        .aagb_accordion_be6be63a_1 .wp-block-aab-accordion-item .aagb__accordion_subheading {\n          margin: 5px 0 0 0;\n          \n        }\n        .aagb_accordion_be6be63a_1 .wp-block-aab-accordion-item .aagb__accordion_icon {\n          \n          \n        }\n        .aagb_accordion_be6be63a_1 .wp-block-aab-accordion-item .aagb__icon {\n          font-size: 23px;\n        }\n        .aagb_accordion_be6be63a_1 .aagb__accordion_title {\n          margin: 0;\n          \n        }\n        .aagb_accordion_be6be63a_1 .aagb__accordion_container {\n          border: 1px solid #bcb6b638;\n          margin-top: 0px;\n          margin-bottom: 15px;\n          \n        }\n          .aagb_accordion_be6be63a_1 .aagb__accordion_number{\n            \n        }\n        .aagb_accordion_be6be63a_1 .wp-block-aab-accordion-item .aagb__accordion_subheading{\n           false\n        }\n\n        .aagb_accordion_be6be63a_1 .aab-step-progress{\n          background-color: #dfd2d2;\n        }\n            \n        .aagb_accordion_be6be63a_1 .aab-step-progress-bar {\n          background-color: #1570ec;\n        }\n\n        .aagb_accordion_be6be63a_1 .aagb__accordion_number{\n          \n        }\n        .aagb_accordion_be6be63a_1 .aab-progress-bar-container{\n          background-color: #f0f0f0;\n        }\n        .aagb_accordion_be6be63a_1 .aab-progress-bar {\n            background-color: #0866ff;\n        }\n        \n       .aagb__group_accordion_container.has_img {\n            \n            flex-direction: row;\n        }\n      \n          .aagb_accordion_be6be63a_1 .aagb__accordion_container {\n            transition-duration: 0ms !important;\n            outline: 2px solid #00000000;\n          }\n          .aagb_accordion_be6be63a_1 .aagb__accordion_container:focus-visible {\n            outline: 2px solid #C2DBFE;\n          }\n        <\/style><div class=\"wp-block-aab-group-accordion searchable aagb_accordion_be6be63a_1 click false\" id=\"group-accordion-be6be63a_1\">\n<div class=\"wp-block-aab-accordion-item aagb__accordion_container panel\" data-autoplay=\"false\" data-duration=\"3000\" data-progress-bar-direction=\"horizontal\" data-feature-image-url=\"\" data-auto-numbering=\"false\" data-progress-bar-on=\"false\" tabindex=\"0\"><div class=\"aagb__accordion_head aab_right_icon  \" data-active=\"false\"><div class=\"aagb__accordion_heading aab_right_icon aagb_right_link\"><div class=\"head_content_wrapper\"><div class=\"title_wrapper\"><h5 class=\"aagb__accordion_title\">\u0627\u0639\u0644\u0627\u0646 \u0639\u0646 \u062a\u0646\u0638\u064a\u0645 \u0627\u0644\u0645\u0639\u0631\u0636 \u0627\u0644\u062f\u0648\u0644\u064a \u0644\u062a\u0633\u0648\u064a\u0642 \u0627\u0644\u0628\u062d\u0648\u062b<\/h5><\/div><\/div><\/div><div class=\"aagb__accordion_icon\"><div class=\"aagb__icon_dashicons_box\"><span class=\"aagb__icon dashicons dashicons-plus-alt2\"><\/span><\/div><\/div><\/div><div class=\"aagb__accordion_body   \" role=\"region\"><div class=\"aagb__accordion_component \">\n<p><strong>Ank\u00fcndigung der Internationalen Fachmesse f\u00fcr Forschungsmarketing<\/strong><\/p>\n\n\n\n<p>Das \u00c4gyptische Ministerium f\u00fcr Bildung und wissenschaftliche Forschung hat es sich zur Aufgabe gemacht, wissenschaftliche Forschung und Industrie zu verkn\u00fcpfen und gleichzeitig die internationale Zusammenarbeit in den Bereichen wissenschaftliche Forschung und Technologiemarketing zu f\u00f6rdern. Die Vermarktung wissenschaftlicher Forschungsergebnisse leistet Wesentliches in Hinblick auf das Erreichen einer nachhaltigen Entwicklung und st\u00e4rkt die Rolle der Innovation beim Aufbau einer besseren Zukunft.<strong><\/strong><\/p>\n\n\n\n<p>Daher organisiert die Akademie f\u00fcr wissenschaftliche Forschung und Technologie die Internationale Forschungsmarketing-Ausstellung (IRC EXPO) vom 11. bis 12. Dezember 2025 im St. Regis Hotel in der neuen Verwaltungshauptstadt der Arabischen Republik \u00c4gypten unter der Schirmherrschaft Seiner Exzellenz des Pr\u00e4sidenten der Republik und in Anwesenheit des Premierministers. Die IRC EXPO bietet eine einzigartige Gelegenheit, f\u00fchrendePers\u00f6nlichkeiten und Experten aus Forschung und Industrie zu treffen. Wir laden gro\u00dfe internationale Unternehmen, internationale Organisationen, gro\u00dfe Industrieunternehmen und Startups ein, teilzunehmen und das offizielle Teilnahmeformular f\u00fcr diese Ausstellung \u00fcber die Website auszuf\u00fcllen. <a href=\"https:\/\/irc-expo.eg.net\">https:\/\/irc-expo.eg.net<\/a>&nbsp;<\/p>\n\n\n\n<p>F\u00fcr weitere Fragen kontaktieren Sie uns bitte per E-Mail.<a href=\"mailto:Internationalcooperation.asrt@gmail.com\"><strong>Internationalcooperation.asrt@gmail.com<\/strong><\/a><strong><\/strong><\/p>\n\n\n\n<p>Mit freundlichen Gr\u00fc\u00dfen<strong>,<\/strong><\/p>\n\n\n\n<p><strong>Vizeminister und Leiter des Bereichs Kultur und Missionen<\/strong><\/p>\n\n\n\n<p><strong>Prof. Dr. Ayman Farid<\/strong>on Content<\/p>\n<\/div><\/div><\/div>\n<\/div>\n\n\n\n<blockquote class=\"wp-block-quote is-layout-flow wp-block-quote-is-layout-flow\">\n<blockquote class=\"wp-block-quote is-layout-flow wp-block-quote-is-layout-flow\">\n<p><\/p>\n\n\n\n<p><\/p>\n\n\n\n<p><\/p>\n\n\n\n<p><\/p>\n\n\n\n<p><\/p>\n\n\n\n<p><\/p>\n\n\n\n<p><\/p>\n\n\n\n<p><\/p>\n\n\n\n<p class=\"has-text-align-center\">Das \u00c4gyptische B\u00fcro f\u00fcr kulturelle Beziehungen und Studienangelegenheiten informiert Sie \u00fcber aktuelle Stipendienprogramme sowie \u00fcber M\u00f6glichkeiten der wissenschaftlichen Zusammenarbeit. <\/p>\n\n\n\n<p><\/p>\n\n\n\n<p class=\"has-text-align-center\">***<\/p>\n\n\n\n<p class=\"has-text-align-center\">The Egyptian Bureau for Cultural Relations and Academic Affairs provides information on current scholarship programs as well as opportunities for scientific cooperation.<\/p>\n\n\n\n<p class=\"has-text-align-center\">***<\/p>\n\n\n\n<p class=\"has-text-align-center\">\u064a\u0633\u0631\u0651 \u0627\u0644\u0645\u0643\u062a\u0628 \u0627\u0644\u062b\u0642\u0627\u0641\u064a \u0627\u0644\u0645\u0635\u0631\u064a \u0644\u0644\u0639\u0644\u0627\u0642\u0627\u062a \u0648\u0627\u0644\u0634\u0624\u0648\u0646 \u0627\u0644\u062f\u0631\u0627\u0633\u064a\u0629 \u0623\u0646 \u064a\u0642\u062f\u0651\u0645 \u0644\u062d\u0636\u0631\u0627\u062a\u0643\u0645 \u0645\u0639\u0644\u0648\u0645\u0627\u062a \u062d\u0648\u0644 \u0628\u0631\u0627\u0645\u062c \u0627\u0644\u0645\u0646\u062d \u0627\u0644\u062f\u0631\u0627\u0633\u064a\u0629 \u0627\u0644\u062d\u0627\u0644\u064a\u0629 \u0648\u0641\u0631\u0635 \u0627\u0644\u062a\u0639\u0627\u0648\u0646 \u0627\u0644\u0639\u0644\u0645\u064a<\/p>\n<\/blockquote>\n<\/blockquote>\n\n\n\n<p><\/p>\n\n\n\n<p>&nbsp;<\/p>\n\n\n\n<div class=\"custom-css-block\"><style>#aab_accordion_0d24b291_0 {  }<\/style><\/div><div class=\"wp-block-aab-accordion-block aab__accordion_container  accessibilityOn\" style=\"margin-top:0px;margin-bottom:15px;border:1px solid #bcb6b638\" id=\"aab_accordion_0d24b291_0\" role=\"button\" aria-expanded=\"false\" tabindex=\"0\"><div class=\"aab__accordion_head aab_right_icon \" style=\"background-color:#bcb6b638;border-top:none;border-right:none;border-bottom:none;border-left:none\"><div class=\"aab__accordion_heading aab_right_icon aab_right_link\"><div class=\"head_content_wrapper\"><div class=\"title_wrapper\"><h5 class=\"aab__accordion_title\" style=\"margin:0\"><code>\ud83c\uddea\ud83c\uddec<\/code> EGYPT <\/h5><\/div><\/div><\/div><div class=\"aab__accordion_icon\" style=\"border:0px solid transparent\"><span class=\"aab__icon dashicons dashicons-plus-alt2\" style=\"font-size:23px\"><\/span><\/div><\/div><div class=\"aab__accordion_body  \" role=\"region\" style=\"display:none;border-top:1px solid #bcb6b638;border-right:none;border-bottom:none;border-left:none\"><div class=\"aab__accordion_component\">\n<div class=\"wp-block-group\"><div class=\"wp-block-group__inner-container is-layout-constrained wp-block-group-is-layout-constrained\">\n<div class=\"wp-block-group is-vertical is-layout-flex wp-container-core-group-is-layout-8cf370e7 wp-block-group-is-layout-flex\">\n<p>\u201cStudy in Egypt\u201d is the official global initiative that promotes education in Egypt as the first-choice study destination to international students. It is the Egyptian only international-level initiative that showcases the outstanding Egyptian higher education offering and the life-changing opportunities it brings. Study in Egypt\u201d is led and delivered by the Central Department for Foreign Student Affairs. CDFSA<\/p>\n\n\n\n<p>Informations, Applications: <a href=\"https:\/\/admission.study-in-egypt.gov.eg\/\">\u0627\u062f\u0631\u0633 \u0641\u064a \u0645\u0635\u0631<\/a><\/p>\n\n\n\n<p><\/p>\n\n\n\n<p>Al-Azhar University offers scholarships each semester for various programs, as well as for Arabic language courses at Al-Azhar.<\/p>\n\n\n\n<p>Informations, Applications: <a href=\"https:\/\/www.azhar.eg\/foreignstudent\">www.azhar.eg<\/a><\/p>\n<\/div>\n<\/div><\/div>\n<\/div><\/div><\/div>\n\n\n\n<div class=\"custom-css-block\"><style>#aab_accordion_e8516144_1 {  }<\/style><\/div><div class=\"wp-block-aab-accordion-block aab__accordion_container  accessibilityOn\" style=\"margin-top:0px;margin-bottom:15px;border:1px solid #bcb6b638\" id=\"aab_accordion_e8516144_1\" role=\"button\" aria-expanded=\"false\" tabindex=\"0\"><div class=\"aab__accordion_head aab_right_icon \" style=\"background-color:#bcb6b638;border-top:none;border-right:none;border-bottom:none;border-left:none\"><div class=\"aab__accordion_heading aab_right_icon aab_right_link\"><div class=\"head_content_wrapper\"><div class=\"title_wrapper\"><h5 class=\"aab__accordion_title\" style=\"margin:0\"><code>\ud83c\udde6\ud83c\uddf9<\/code> AUSTRIA  <\/h5><\/div><\/div><\/div><div class=\"aab__accordion_icon\" style=\"border:0px solid transparent\"><span class=\"aab__icon dashicons dashicons-plus-alt2\" style=\"font-size:23px\"><\/span><\/div><\/div><div class=\"aab__accordion_body  \" role=\"region\" style=\"display:none;border-top:1px solid #bcb6b638;border-right:none;border-bottom:none;border-left:none\"><div class=\"aab__accordion_component\">\n<p class=\"has-text-align-right\"><strong>\u0641\u0631\u0635 \u0627\u0644\u0645\u0646\u062d \u0627\u0644\u062f\u0631\u0627\u0633\u064a\u0629 \u0641\u064a \u0627\u0644\u0646\u0645\u0633\u0627<\/strong><br>\u062a\u0648\u062c\u062f \u0641\u064a \u0627\u0644\u0646\u0645\u0633\u0627 \u0627\u0644\u0639\u062f\u064a\u062f \u0645\u0646 \u0627\u0644\u062c\u0647\u0627\u062a \u0627\u0644\u062a\u064a \u062a\u0642\u062f\u0645 \u0645\u0646\u062d\u064b\u0627 \u062f\u0631\u0627\u0633\u064a\u0629<br>:\u0648\u0641\u064a\u0645\u0627 \u064a\u0644\u064a \u0623\u0647\u0645 \u0627\u0644\u0645\u0635\u0627\u062f\u0631 \u0627\u0644\u062a\u064a \u064a\u0645\u0643\u0646 \u0627\u0644\u0631\u062c\u0648\u0639 \u0625\u0644\u064a\u0647\u0627<br><a href=\"https:\/\/grants.at\/en?utm_source=chatgpt.com\">\u0642\u0627\u0639\u062f\u0629 \u0628\u064a\u0627\u0646\u0627\u062a \u0627\u0644\u0645\u0646\u062d \u0627\u0644\u062f\u0631\u0627\u0633\u064a\u0629 \u0627\u0644\u062a\u0627\u0628\u0639\u0629 \u0644\u0644\u0640 \u00d6AD<\/a> \u2013 \u0623\u0643\u0628\u0631 \u0642\u0627\u0639\u062f\u0629 \u0628\u064a\u0627\u0646\u0627\u062a \u062a\u0634\u0645\u0644 \u062c\u0645\u064a\u0639 \u0627\u0644\u0628\u0631\u0627\u0645\u062c \u0627\u0644\u062d\u0627\u0644\u064a\u0629<br><a href=\"https:\/\/erasmusplus.oead.at\/de\/?utm_source=chatgpt.com\">\u0628\u0631\u0646\u0627\u0645\u062c \u0625\u064a\u0631\u0627\u0633\u0645\u0648\u0633+ \u0641\u064a \u0627\u0644\u0646\u0645\u0633\u0627<\/a> \u2013 \u0628\u0631\u0627\u0645\u062c \u0627\u0644\u062a\u0628\u0627\u062f\u0644 \u0627\u0644\u062e\u0627\u0635\u0629 \u0628\u0627\u0644\u0627\u062a\u062d\u0627\u062f \u0627\u0644\u0623\u0648\u0631\u0648\u0628\u064a<br><a href=\"https:\/\/www.scholarships.at\/apps?utm_source=chatgpt.com\">\u0642\u0627\u0639\u062f\u0629 \u0628\u064a\u0627\u0646\u0627\u062a \u0627\u0644\u0645\u0646\u062d \u0627\u0644\u062f\u0631\u0627\u0633\u064a\u0629<\/a> \u2013 \u0641\u0631\u0635 \u062a\u0645\u0648\u064a\u0644 \u0625\u0636\u0627\u0641\u064a\u0629<br>:<strong>\u0628\u0631\u0627\u0645\u062c \u0645\u062e\u062a\u0627\u0631\u0629<\/strong><\/p>\n\n\n\n<p class=\"has-text-align-right\">\u0632\u0645\u0627\u0644\u0629 \u0641\u0631\u0627\u0646\u0632 \u0641\u064a\u0631\u0641\u0644 (Franz Werfel Fellowship)<br>\u0632\u0645\u0627\u0644\u0629 \u0631\u064a\u062a\u0634\u0627\u0631\u062f \u0628\u0644\u0627\u0634\u0643\u0627 (Richard Plaschka Fellowship)<br>\u0645\u0646\u062d\u0629 \u0625\u0631\u0646\u0633\u062a \u0645\u0627\u062e (Ernst Mach Grant)<br>\u0645\u0646\u062d\u0629 \u0625\u0631\u0646\u0633\u062a \u0645\u0627\u062e \u0644\u0644\u062f\u0631\u0627\u0633\u0629 \u0641\u064a \u062c\u0627\u0645\u0639\u0629 \u0627\u0644\u0639\u0644\u0648\u0645 \u0627\u0644\u062a\u0637\u0628\u064a\u0642\u064a\u0629 \u0628\u0627\u0644\u0646\u0645\u0633\u0627<br>\u0632\u0645\u0627\u0644\u0629 \u0625\u0631\u0646\u0633\u062a \u0645\u0627\u062e \u2013 \u0623\u0628 (Ernst Mach Fellow \u2013 Up Grant)<br>\u0625\u0644\u0649 \u062c\u0627\u0646\u0628 \u0630\u0644\u0643\u060c \u062a\u0642\u062f\u0645 \u0645\u0639\u0638\u0645 \u0627\u0644\u062c\u0627\u0645\u0639\u0627\u062a \u0627\u0644\u0646\u0645\u0633\u0627\u0648\u064a\u0629 \u0628\u0631\u0627\u0645\u062c \u062e\u0627\u0635\u0629 \u0628\u0647\u0627 \u0648\u0645\u0646\u062d\u064b\u0627 \u0625\u0636\u0627\u0641\u064a\u0629. \u064a\u064f\u0631\u062c\u0649 \u0645\u0631\u0627\u062c\u0639\u0629 \u0627\u0644\u0645\u0648\u0642\u0639 \u0627\u0644\u0625\u0644\u0643\u062a\u0631\u0648\u0646\u064a \u0644\u0643\u0644 \u062c\u0627\u0645\u0639\u0629 \u0644\u0645\u0639\u0631\u0641\u0629 \u0627\u0644\u062a\u0641\u0627\u0635\u064a\u0644<br>\ud83d\udc49 \u0641\u064a \u062d\u0627\u0644\u0629 \u0648\u062c\u0648\u062f \u0623\u064a \u0627\u0633\u062a\u0641\u0633\u0627\u0631 \u0623\u0648 \u0637\u0644\u0628 \u0645\u062d\u062f\u062f\u060c \u064a\u0633\u0639\u062f <strong>\u0627\u0644\u0645\u0643\u062a\u0628 \u0627\u0644\u062b\u0642\u0627\u0641\u064a \u0627\u0644\u0645\u0635\u0631\u064a \u0644\u0644\u0639\u0644\u0627\u0642\u0627\u062a \u0648\u0627\u0644\u0634\u0624\u0648\u0646 \u0627\u0644\u062f\u0631\u0627\u0633\u064a\u0629<\/strong> \u0628\u0645\u0633\u0627\u0639\u062f\u062a\u0643\u0645<br>\u0646\u0631\u062c\u0648 \u0627\u0644\u062a\u0648\u0627\u0635\u0644 \u0645\u0639\u0646\u0627 \u0639\u0628\u0631 \u0627\u0644\u0628\u0631\u064a\u062f \u0627\u0644\u0625\u0644\u0643\u062a\u0631\u0648\u0646\u064a<\/p>\n<\/div><\/div><\/div>\n\n\n\n<div class=\"custom-css-block\"><style>#aab_accordion_009e7b66_2 {  }<\/style><\/div><div class=\"wp-block-aab-accordion-block aab__accordion_container  accessibilityOn\" style=\"margin-top:0px;margin-bottom:15px;border:1px solid #bcb6b638\" id=\"aab_accordion_009e7b66_2\" role=\"button\" aria-expanded=\"false\" tabindex=\"0\"><div class=\"aab__accordion_head aab_right_icon \" style=\"background-color:#bcb6b638;border-top:none;border-right:none;border-bottom:none;border-left:none\"><div class=\"aab__accordion_heading aab_right_icon aab_right_link\"><div class=\"head_content_wrapper\"><div class=\"title_wrapper\"><h5 class=\"aab__accordion_title\" style=\"margin:0\"><code>\ud83c\udded\ud83c\uddfa<\/code> HUNGARY<\/h5><\/div><\/div><\/div><div class=\"aab__accordion_icon\" style=\"border:0px solid transparent\"><span class=\"aab__icon dashicons dashicons-plus-alt2\" style=\"font-size:23px\"><\/span><\/div><\/div><div class=\"aab__accordion_body  \" role=\"region\" style=\"display:none;border-top:1px solid #bcb6b638;border-right:none;border-bottom:none;border-left:none\"><div class=\"aab__accordion_component\">\n<p class=\"has-text-align-right\"> <strong> Stipendium Hungaricum<\/strong> <strong>\u0627\u0644\u062f\u0631\u0627\u0633\u0629 \u0641\u064a \u0627\u0644\u0645\u062c\u0631 \u2013 \u0645\u0646\u062d\u0629<\/strong><br>\u062a\u062a\u0648\u0644\u0649 <strong>\u0645\u0624\u0633\u0633\u0629 \u062a\u064a\u0645\u0628\u0648\u0633 (Tempus Foundation)<\/strong> \u0625\u062f\u0627\u0631\u0629 \u0628\u0631\u0646\u0627\u0645\u062c <strong>Stipendium Hungaricum<\/strong>\u060c \u0648\u0647\u0648 \u0627\u0644\u0628\u0631\u0646\u0627\u0645\u062c \u0627\u0644\u0630\u064a \u064a\u0636\u0645 \u0645\u0639\u0638\u0645 \u0627\u0644\u0645\u0646\u062d \u0627\u0644\u062f\u0631\u0627\u0633\u064a\u0629 \u0641\u064a \u0627\u0644\u062c\u0627\u0645\u0639\u0627\u062a \u0627\u0644\u0645\u062c\u0631\u064a\u0629.<br>\u062a\u062a\u0648\u0641\u0631 \u0645\u0646\u062d \u062f\u0631\u0627\u0633\u064a\u0629 \u0644\u0628\u0631\u0627\u0645\u062c <strong>\u0627\u0644\u0628\u0643\u0627\u0644\u0648\u0631\u064a\u0648\u0633\u060c \u0627\u0644\u0645\u0627\u062c\u0633\u062a\u064a\u0631\u060c \u0627\u0644\u062f\u0643\u062a\u0648\u0631\u0627\u0647\u060c \u0648\u0645\u0627 \u0628\u0639\u062f \u0627\u0644\u062f\u0643\u062a\u0648\u0631\u0627\u0647<\/strong>.<br>\u0644\u0645\u0632\u064a\u062f \u0645\u0646 \u0627\u0644\u0645\u0639\u0644\u0648\u0645\u0627\u062a \u062d\u0648\u0644 \u0627\u0644\u0634\u0631\u0648\u0637\u060c \u0627\u0644\u0645\u0648\u0627\u0639\u064a\u062f \u0627\u0644\u0646\u0647\u0627\u0626\u064a\u0629\u060c \u0648\u0637\u0631\u064a\u0642\u0629 \u0627\u0644\u062a\u0642\u062f\u064a\u0645\u060c \u064a\u064f\u0631\u062c\u0649 \u0632\u064a\u0627\u0631\u0629 \u0627\u0644\u0631\u0627\u0628\u0637 \u0627\u0644\u062a\u0627\u0644\u064a:<br>\ud83d\udc49 <a href=\"https:\/\/stipendiumhungaricum.hu\/?utm_source=chatgpt.com\">https:\/\/stipendiumhungaricum.hu\/<\/a><br>\u0648\u0641\u064a \u062d\u0627\u0644 \u0648\u062c\u0648\u062f \u0623\u064a \u0627\u0633\u062a\u0641\u0633\u0627\u0631 \u0645\u062d\u062f\u062f\u060c \u064a\u0633\u0639\u062f <strong>\u0627\u0644\u0645\u0643\u062a\u0628 \u0627\u0644\u062b\u0642\u0627\u0641\u064a \u0627\u0644\u0645\u0635\u0631\u064a \u0644\u0644\u0639\u0644\u0627\u0642\u0627\u062a \u0648\u0627\u0644\u0634\u0624\u0648\u0646 \u0627\u0644\u062f\u0631\u0627\u0633\u064a\u0629<\/strong> \u0628\u062a\u0642\u062f\u064a\u0645 \u0627\u0644\u0645\u0633\u0627\u0639\u062f\u0629.<br>\ud83d\udc49 \u0646\u0631\u062c\u0648 \u0627\u0644\u062a\u0648\u0627\u0635\u0644 \u0645\u0639\u0646\u0627 \u0639\u0628\u0631 \u0627\u0644\u0628\u0631\u064a\u062f \u0627\u0644\u0625\u0644\u0643\u062a\u0631\u0648\u0646\u064a \u0645\u0639 \u0630\u0643\u0631 \u062a\u0641\u0627\u0635\u064a\u0644 \u0627\u0644\u0637\u0644\u0628.<\/p>\n<\/div><\/div><\/div>\n\n\n\n<div class=\"custom-css-block\"><style>#aab_accordion_ada386a4_3 {  }<\/style><\/div><div class=\"wp-block-aab-accordion-block aab__accordion_container  accessibilityOn\" style=\"margin-top:0px;margin-bottom:15px;border:1px solid #bcb6b638\" id=\"aab_accordion_ada386a4_3\" role=\"button\" aria-expanded=\"false\" tabindex=\"0\"><div class=\"aab__accordion_head aab_right_icon \" style=\"background-color:#bcb6b638;border-top:none;border-right:none;border-bottom:none;border-left:none\"><div class=\"aab__accordion_heading aab_right_icon aab_right_link\"><div class=\"head_content_wrapper\"><div class=\"title_wrapper\"><h5 class=\"aab__accordion_title\" style=\"margin:0\"><code>\ud83c\udde8\ud83c\uddff<\/code> CZECH REPUBLIC<\/h5><\/div><\/div><\/div><div class=\"aab__accordion_icon\" style=\"border:0px solid transparent\"><span class=\"aab__icon dashicons dashicons-plus-alt2\" style=\"font-size:23px\"><\/span><\/div><\/div><div class=\"aab__accordion_body  \" role=\"region\" style=\"display:none;border-top:1px solid #bcb6b638;border-right:none;border-bottom:none;border-left:none\"><div class=\"aab__accordion_component\">\n<p class=\"has-text-align-right\"><strong>\u0627\u0644\u062f\u0631\u0627\u0633\u0629 \u0641\u064a \u062c\u0645\u0647\u0648\u0631\u064a\u0629 \u0627\u0644\u062a\u0634\u064a\u0643<\/strong><br>\u062a\u062a\u0648\u0644\u0649 <strong>\u0627\u0644\u0648\u0643\u0627\u0644\u0629 \u0627\u0644\u062a\u0634\u064a\u0643\u064a\u0629 \u0627\u0644\u0648\u0637\u0646\u064a\u0629 \u0644\u0644\u062a\u0639\u0644\u064a\u0645 \u0648\u0627\u0644\u0628\u062d\u062b \u0627\u0644\u062f\u0648\u0644\u064a<\/strong><br>(<a href=\"https:\/\/www.dzs.cz\/en?utm_source=chatgpt.com\">https:\/\/www.dzs.cz\/en<\/a>) \u062a\u0646\u0633\u064a\u0642 \u0628\u0631\u0627\u0645\u062c \u0627\u0644\u0645\u0646\u062d \u0627\u0644\u062f\u0631\u0627\u0633\u064a\u0629 \u0648\u0645\u0628\u0627\u062f\u0631\u0627\u062a \u0627\u0644\u062a\u0628\u0627\u062f\u0644 \u0627\u0644\u0623\u0643\u0627\u062f\u064a\u0645\u064a.<br>\u0648\u064a\u0642\u062f\u0651\u0645 \u0628\u0631\u0646\u0627\u0645\u062c <strong>Study in Czechia<\/strong> \u0641\u0631\u0635\u064b\u0627 \u0645\u0645\u064a\u0632\u0629 \u0644\u0644\u0637\u0644\u0627\u0628 \u0627\u0644\u062f\u0648\u0644\u064a\u064a\u0646 \u0644\u0644\u062f\u0631\u0627\u0633\u0629 \u0648\u0627\u0644\u062a\u0628\u0627\u062f\u0644 \u0641\u064a \u0627\u0644\u062c\u0627\u0645\u0639\u0627\u062a \u0627\u0644\u062a\u0634\u064a\u0643\u064a\u0629.<br>\u0644\u0645\u0632\u064a\u062f \u0645\u0646 \u0627\u0644\u0645\u0639\u0644\u0648\u0645\u0627\u062a\u060c \u064a\u064f\u0631\u062c\u0649 \u0632\u064a\u0627\u0631\u0629 \u0627\u0644\u0631\u0627\u0628\u0637 \u0627\u0644\u062a\u0627\u0644\u064a:<br>\ud83d\udc49 <a href=\"https:\/\/www.studyin.cz\/?utm_source=chatgpt.com\">https:\/\/www.studyin.cz\/<\/a><br>\u0648\u0641\u064a \u062d\u0627\u0644 \u0648\u062c\u0648\u062f \u0623\u064a \u0627\u0633\u062a\u0641\u0633\u0627\u0631 \u0623\u0648 \u0637\u0644\u0628 \u0645\u062d\u062f\u062f\u060c \u064a\u0633\u0639\u062f <strong>\u0627\u0644\u0645\u0643\u062a\u0628 \u0627\u0644\u062b\u0642\u0627\u0641\u064a \u0627\u0644\u0645\u0635\u0631\u064a \u0644\u0644\u0639\u0644\u0627\u0642\u0627\u062a \u0648\u0627\u0644\u0634\u0624\u0648\u0646 \u0627\u0644\u062f\u0631\u0627\u0633\u064a\u0629<\/strong> \u0628\u062a\u0642\u062f\u064a\u0645 \u0627\u0644\u062f\u0639\u0645 \u0648\u0627\u0644\u0645\u0633\u0627\u0639\u062f\u0629.<br>\ud83d\udc49 \u0646\u0631\u062c\u0648 \u0645\u0646\u0643\u0645 \u0627\u0644\u062a\u0648\u0627\u0635\u0644 \u0645\u0639\u0646\u0627 \u0639\u0628\u0631 \u0627\u0644\u0628\u0631\u064a\u062f \u0627\u0644\u0625\u0644\u0643\u062a\u0631\u0648\u0646\u064a \u0645\u0639 \u062a\u0648\u0636\u064a\u062d \u0637\u0628\u064a\u0639\u0629 \u0627\u0644\u0637\u0644\u0628.<\/p>\n<\/div><\/div><\/div>\n","protected":false},"excerpt":{"rendered":"<p>\u0627\u0639\u0644\u0627\u0646 \u0639\u0646 \u062a\u0646\u0638\u064a\u0645 \u0627\u0644\u0645\u0639\u0631\u0636 \u0627\u0644\u062f\u0648\u0644\u064a \u0644\u062a\u0633\u0648\u064a\u0642 \u0627\u0644\u0628\u062d\u0648\u062b Ank\u00fcndigung der Internationalen Fachmesse f\u00fcr Forschungsmarketing Das \u00c4gyptische Ministerium f\u00fcr Bildung und wissenschaftliche Forschung hat es sich zur Aufgabe gemacht, wissenschaftliche Forschung und Industrie zu verkn\u00fcpfen und gleichzeitig die internationale Zusammenarbeit in den &hellip; <a href=\"https:\/\/educult-egyptembassy.at\/index.php\/forschung-grants\/\">Continue reading <span class=\"meta-nav\">&rarr;<\/span><\/a><\/p>\n","protected":false},"author":1,"featured_media":40,"parent":0,"menu_order":1,"comment_status":"closed","ping_status":"closed","template":"","meta":{"footnotes":""},"class_list":["post-57","page","type-page","status-publish","has-post-thumbnail","hentry"],"_links":{"self":[{"href":"https:\/\/educult-egyptembassy.at\/index.php\/wp-json\/wp\/v2\/pages\/57","targetHints":{"allow":["GET"]}}],"collection":[{"href":"https:\/\/educult-egyptembassy.at\/index.php\/wp-json\/wp\/v2\/pages"}],"about":[{"href":"https:\/\/educult-egyptembassy.at\/index.php\/wp-json\/wp\/v2\/types\/page"}],"author":[{"embeddable":true,"href":"https:\/\/educult-egyptembassy.at\/index.php\/wp-json\/wp\/v2\/users\/1"}],"replies":[{"embeddable":true,"href":"https:\/\/educult-egyptembassy.at\/index.php\/wp-json\/wp\/v2\/comments?post=57"}],"version-history":[{"count":36,"href":"https:\/\/educult-egyptembassy.at\/index.php\/wp-json\/wp\/v2\/pages\/57\/revisions"}],"predecessor-version":[{"id":732,"href":"https:\/\/educult-egyptembassy.at\/index.php\/wp-json\/wp\/v2\/pages\/57\/revisions\/732"}],"wp:featuredmedia":[{"embeddable":true,"href":"https:\/\/educult-egyptembassy.at\/index.php\/wp-json\/wp\/v2\/media\/40"}],"wp:attachment":[{"href":"https:\/\/educult-egyptembassy.at\/index.php\/wp-json\/wp\/v2\/media?parent=57"}],"curies":[{"name":"wp","href":"https:\/\/api.w.org\/{rel}","templated":true}]}}