{"id":130,"date":"2020-11-12T13:29:49","date_gmt":"2020-11-12T13:29:49","guid":{"rendered":"http:\/\/educult-egyptembassy.at\/?page_id=130"},"modified":"2026-04-11T11:03:27","modified_gmt":"2026-04-11T11:03:27","slug":"130-2","status":"publish","type":"page","link":"https:\/\/educult-egyptembassy.at\/index.php\/130-2\/","title":{"rendered":"\u0645\u0628\u0639\u0648\u062b"},"content":{"rendered":"<div id=\"fb-root\"><\/div>\n\n<h2 class=\"wp-block-heading has-text-align-center\"><strong>\u062a\u0643\u0631\u064a\u0645 \u0645\u0643\u062a\u0628 \u0645\u0635\u0631 \u0644\u0644\u0639\u0644\u0627\u0642\u0627\u062a \u0627\u0644\u062b\u0642\u0627\u0641\u064a\u0629 \u0648\u0627\u0644\u062a\u0639\u0644\u064a\u0645\u064a\u0629 \u0627\u0644\u0628\u0631\u0648\u0641\u064a\u0633\u0648\u0631 \u0645\u0627\u064a\u0643\u0644 \u0641\u0627\u062c\u0631\u0627\u064a\u062a\u0634 \u0627\u0633\u062a\u0627\u0630 \u0627\u0644\u062c\u064a\u0648\u0644\u0648\u062c\u064a\u0627 \u0643\u0644\u064a\u0629 \u0639\u0644\u0648\u0645 \u0627\u0644\u0623\u0631\u0636 \u0648\u0627\u0644\u062c\u063a\u0631\u0627\u0641\u064a\u0627 \u0648\u0627\u0644\u0641\u0644\u0643 \u062c\u0627\u0645\u0639\u0629 \u0641\u064a\u064a\u0646\u0627 \u0628\u0627\u0644\u0646\u0645\u0633\u0627 \u0648\u0627\u0644\u0645\u0634\u0631\u0641  \u0639\u0644\u064a \u0631\u0633\u0627\u0644\u0629 \u0627\u0644\u062f\u0643\u062a\u0648\u0631\u0627\u0647 \u0644\u0644\u0645\u0628\u062a\u0639\u062b \u0645\u0635\u0637\u0641\u064a \u0645\u062d\u0645\u062f \u0633\u064a\u062f\u00a0 \u0644\u062d\u0635\u0648\u0644\u0647 \u0639\u0644\u0649 \u062f\u0631\u062c\u0647 \u0627\u0644\u062f\u0643\u062a\u0648\u0631\u0627\u0647 \u0628\u062a\u0642\u062f\u064a\u0631 \u0627\u0645\u062a\u064a\u0627\u0632 \u0645\u0646 \u062c\u0627\u0645\u0639\u0629 \u0641\u064a\u064a\u0646\u0627<\/strong><\/h2>\n\n\n\n<p class=\"has-text-align-right\"><strong>\u062a\u0643\u0631\u064a\u0645 \u0639\u0644\u0645\u064a \u064a\u0639\u0643\u0633 \u062c\u0633\u0648\u0631 \u0627\u0644\u062a\u0639\u0627\u0648\u0646 \u0628\u064a\u0646 \u0645\u0635\u0631 \u0648\u0627\u0644\u0646\u0645\u0633\u0627<\/strong><strong><\/strong><\/p>\n\n\n\n<p class=\"has-text-align-right\"><strong>\u0641\u064a \u0625\u0637\u0627\u0631 \u062f\u0639\u0645 \u0627\u0644\u062a\u0639\u0627\u0648\u0646 \u0627\u0644\u0623\u0643\u0627\u062f\u064a\u0645\u064a \u0648\u062a\u0639\u0632\u064a\u0632 \u0627\u0644\u062a\u0628\u0627\u062f\u0644 \u0627\u0644\u0639\u0644\u0645\u064a\u060c \u0627\u0633\u062a\u0642\u0628\u0644 \u0627\u0644\u0623\u0633\u062a\u0627\u0630 \u0627\u0644\u062f\u0643\u062a\u0648\u0631 \u062e\u0627\u0644\u062f \u0623\u0628\u0648 \u0634\u0646\u0628 \u0645\u062f\u064a\u0631 \u0645\u0643\u062a\u0628 \u0645\u0635\u0631 \u0644\u0644\u0639\u0644\u0627\u0642\u0627\u062a \u0627\u0644\u062b\u0642\u0627\u0641\u064a\u0629 \u0648\u0627\u0644\u062a\u0639\u0644\u064a\u0645\u064a\u0629 \u0641\u064a \u0641\u064a\u064a\u0646\u0627\u060c \u064a\u0648\u0645 \u0627\u0644\u0623\u0631\u0628\u0639\u0627\u0621 \u0627\u0644\u0645\u0648\u0627\u0641\u0642 8 \u0623\u0628\u0631\u064a\u0644 2026\u060c \u0627\u0644\u0628\u0631\u0648\u0641\u064a\u0633\u0648\u0631 \u0645\u0627\u064a\u0643\u0644 \u0641\u0627\u062c\u0631\u0627\u064a\u062a\u0634 \u0623\u0633\u062a\u0627\u0630 \u0627\u0644\u062c\u064a\u0648\u0644\u0648\u062c\u064a\u0627 \u0628\u0643\u0644\u064a\u0629 \u0639\u0644\u0648\u0645 \u0627\u0644\u0623\u0631\u0636 \u0648\u0627\u0644\u062c\u063a\u0631\u0627\u0641\u064a\u0627 \u0648\u0627\u0644\u0641\u0644\u0643 \u0641\u064a \u062c\u0627\u0645\u0639\u0629 \u0641\u064a\u064a\u0646\u0627\u060c \u0648\u0630\u0644\u0643 \u0644\u062a\u0643\u0631\u064a\u0645\u0647 \u062a\u0642\u062f\u064a\u0631\u0627 \u0644\u062c\u0647\u0648\u062f\u0647 \u0627\u0644\u0639\u0644\u0645\u064a\u0629 \u0627\u0644\u0645\u062a\u0645\u064a\u0632\u0629\u060c \u0648\u0625\u0634\u0631\u0627\u0641\u0647 \u0639\u0644\u0649 \u0631\u0633\u0627\u0644\u0629 \u0627\u0644\u062f\u0643\u062a\u0648\u0631\u0627\u0647 \u0644\u0644\u0628\u0627\u062d\u062b \u0627\u0644\u0645\u0635\u0631\u064a \u0645\u0635\u0637\u0641\u0649 \u0645\u062d\u0645\u062f \u0633\u064a\u062f\u060c \u0627\u0644\u0630\u064a \u062d\u0635\u0644 \u0639\u0644\u0649 \u062f\u0631\u062c\u0629 \u0627\u0644\u062f\u0643\u062a\u0648\u0631\u0627\u0647 \u0628\u062a\u0642\u062f\u064a\u0631 \u0627\u0645\u062a\u064a\u0627\u0632 \u0645\u0646 \u0627\u0644\u062c\u0627\u0645\u0639\u0629 \u0630\u0627\u062a\u0647\u0627<\/strong><strong>.<\/strong><strong><\/strong><\/p>\n\n\n\n<p class=\"has-text-align-right\"><strong>\u0634\u0647\u062f \u0627\u0644\u0644\u0642\u0627\u0621 \u0645\u0646\u0627\u0642\u0634\u0629 \u0623\u0648\u0636\u0627\u0639 \u0627\u0644\u0637\u0644\u0627\u0628 \u0627\u0644\u0645\u0635\u0631\u064a\u064a\u0646 \u0627\u0644\u062f\u0627\u0631\u0633\u064a\u0646 \u062a\u062d\u062a \u0625\u0634\u0631\u0627\u0641 \u0627\u0644\u0628\u0631\u0648\u0641\u064a\u0633\u0648\u0631 \u0641\u0627\u062c\u0631\u0627\u064a\u062a\u0634\u060c \u062d\u064a\u062b \u0623\u0634\u0631\u0641 \u0639\u0644\u0649 \u0639\u062f\u062f \u0645\u0646 \u0627\u0644\u0628\u0627\u062d\u062b\u064a\u0646 \u0645\u0646 \u062c\u0627\u0645\u0639\u0627\u062a \u0645\u0635\u0631\u064a\u0629 \u0639\u062f\u0629\u060c \u0645\u0646\u0647\u0627 \u062c\u0627\u0645\u0639\u0629 \u0627\u0644\u0642\u0627\u0647\u0631\u0629 \u0648\u062c\u0627\u0645\u0639\u0629 \u0628\u0646\u064a \u0633\u0648\u064a\u0641 \u0648\u062c\u0627\u0645\u0639\u0629 \u0627\u0644\u0645\u0646\u064a\u0627\u060c \u0643\u0645\u0627 \u0627\u0633\u062a\u0636\u0627\u0641 \u0639\u062f\u062f\u0627 \u0645\u0646 \u0628\u0627\u062d\u062b\u064a \u0645\u0627 \u0628\u0639\u062f \u0627\u0644\u062f\u0643\u062a\u0648\u0631\u0627\u0647. \u0648\u062a\u0646\u0627\u0648\u0644 \u0627\u0644\u062d\u0648\u0627\u0631 \u0623\u064a\u0636\u0627 \u0622\u0641\u0627\u0642 \u0627\u0644\u062a\u0639\u0627\u0648\u0646 \u0627\u0644\u0645\u0633\u062a\u0642\u0628\u0644\u064a\u060c \u0648\u0633\u0628\u0644 \u062a\u0639\u0632\u064a\u0632 \u0641\u0631\u0635 \u0627\u0633\u062a\u0636\u0627\u0641\u0629 \u0627\u0644\u0645\u0632\u064a\u062f \u0645\u0646 \u0627\u0644\u0637\u0644\u0627\u0628 \u0627\u0644\u0645\u0635\u0631\u064a\u064a\u0646 \u0641\u064a \u0647\u0630\u0627 \u0627\u0644\u062a\u062e\u0635\u0635 \u0627\u0644\u062d\u064a\u0648\u064a<\/strong><strong>.<\/strong><strong><\/strong><\/p>\n\n\n\n<p class=\"has-text-align-right\"><strong>\u0648\u064a\u064f\u0639\u062f \u0627\u0644\u0628\u0631\u0648\u0641\u064a\u0633\u0648\u0631 \u0641\u0627\u062c\u0631\u0627\u064a\u062a\u0634 \u0645\u0646 \u0627\u0644\u0623\u0633\u0645\u0627\u0621 \u0627\u0644\u0628\u0627\u0631\u0632\u0629 \u0639\u0627\u0644\u0645\u064a\u0627 \u0641\u064a \u0645\u062c\u0627\u0644\u064a \u0639\u0644\u0645 \u0627\u0644\u0631\u0633\u0648\u0628\u064a\u0627\u062a \u0648\u0639\u0644\u0645 \u0627\u0644\u0637\u0628\u0642\u0627\u062a \u0627\u0644\u0623\u0631\u0636\u064a\u0629\u060c \u0648\u0647\u0648 \u0639\u0636\u0648 \u0641\u064a \u0627\u0644\u0644\u062c\u0646\u0629 \u0627\u0644\u062f\u0648\u0644\u064a\u0629 \u0644\u0639\u0644\u0645 \u0627\u0644\u0637\u0628\u0642\u0627\u062a \u0627\u0644\u0623\u0646\u062b\u0631\u0648\u0628\u0648\u0633\u064a\u0646\u060c \u0648\u0642\u062f \u0646\u0634\u0631 \u0623\u0643\u062b\u0631 \u0645\u0646 310 \u0628\u062d\u062b\u0627 \u062f\u0648\u0644\u064a\u0627\u060c \u0625\u0636\u0627\u0641\u0629 \u0625\u0644\u0649 3 \u0643\u062a\u0628 \u064877 \u0648\u0631\u0642\u0629 \u0628\u062d\u062b\u064a\u0629 \u0641\u064a \u0645\u0624\u062a\u0645\u0631\u0627\u062a \u0639\u0644\u0645\u064a\u0629 \u0645\u0631\u0645\u0648\u0642\u0629\u060c \u0648\u064a\u0628\u0644\u063a \u0645\u0624\u0634\u0631 \u0647\u064a\u0631\u0634 \u0627\u0644\u062e\u0627\u0635 \u0628\u0647 52\u060c \u0645\u0627 \u064a\u0639\u0643\u0633 \u062a\u0623\u062b\u064a\u0631\u0647 \u0627\u0644\u0639\u0644\u0645\u064a \u0627\u0644\u0648\u0627\u0633\u0639<\/strong><strong>.<\/strong><strong><\/strong><\/p>\n\n\n\n<p class=\"has-text-align-right\"><strong>\u0648\u0643\u0627\u0646\u062a \u0647\u0630\u0647 \u0627\u0644\u0632\u064a\u0627\u0631\u0629 \u0642\u062f \u062c\u0627\u0621\u062a \u0628\u062f\u0639\u0648\u0629 \u0645\u0646 \u0627\u0644\u062f\u0643\u062a\u0648\u0631 \u062e\u0627\u0644\u062f \u0623\u0628\u0648 \u0634\u0646\u0628\u060c \u062e\u0644\u0627\u0644 \u062d\u0636\u0648\u0631 \u0627\u0644\u0628\u0631\u0648\u0641\u064a\u0633\u0648\u0631 \u0645\u0646\u0627\u0642\u0634\u0629 \u0631\u0633\u0627\u0644\u0629 \u0627\u0644\u062f\u0643\u062a\u0648\u0631\u0627\u0647 \u0644\u0644\u0628\u0627\u062d\u062b \u0645\u0635\u0637\u0641\u0649 \u0645\u062d\u0645\u062f \u0633\u064a\u062f\u060c \u0627\u0644\u0645\u062f\u0631\u0633 \u0627\u0644\u0645\u0633\u0627\u0639\u062f \u0628\u062c\u0627\u0645\u0639\u0629 \u0628\u0646\u064a \u0633\u0648\u064a\u0641 \u0648\u0639\u0636\u0648 \u0627\u0644\u0628\u0639\u062b\u0629 \u0627\u0644\u062e\u0627\u0631\u062c\u064a\u0629 \u0628\u062c\u0627\u0645\u0639\u0629 \u0641\u064a\u064a\u0646\u0627\u060c \u0648\u0627\u0644\u062a\u064a \u062c\u0631\u062a \u0641\u064a 24 \u0645\u0627\u0631\u0633 2026\u060c \u0648\u062d\u0635\u0644 \u062e\u0644\u0627\u0644\u0647\u0627 \u0639\u0644\u0649 \u062f\u0631\u062c\u0629 \u0627\u0644\u062f\u0643\u062a\u0648\u0631\u0627\u0647 \u0628\u0627\u0645\u062a\u064a\u0627\u0632<\/strong><strong>.<\/strong><strong><\/strong><\/p>\n\n\n\n<p class=\"has-text-align-right\"><strong>\u0648\u064a\u064f\u0630\u0643\u0631 \u0623\u0646 \u0627\u0644\u0628\u0627\u062d\u062b \u0645\u0635\u0637\u0641\u0649 \u0645\u062d\u0645\u062f \u0633\u064a\u062f \u062d\u0642\u0642 \u0639\u062f\u062f\u0627 \u0645\u0646 \u0627\u0644\u0625\u0646\u062c\u0627\u0632\u0627\u062a \u0627\u0644\u062f\u0648\u0644\u064a\u0629 \u0627\u0644\u0628\u0627\u0631\u0632\u0629\u060c \u0645\u0646 \u0628\u064a\u0646\u0647\u0627 \u062d\u0635\u0648\u0644\u0647 \u0639\u0644\u0649 \u062c\u0627\u0626\u0632\u0629 \u062f\u0639\u0645 \u0627\u0644\u0628\u0627\u062d\u062b\u064a\u0646 \u0627\u0644\u062f\u0648\u0644\u064a\u064a\u0646 \u0645\u0646 \u0645\u0624\u0633\u0633\u0629<\/strong><strong> Cushman<\/strong><strong>\u060c \u0627\u0644\u0645\u062a\u062e\u0635\u0635\u0629 \u0641\u064a \u0623\u0628\u062d\u0627\u062b \u0627\u0644\u062d\u0641\u0631\u064a\u0627\u062a \u0627\u0644\u062f\u0642\u064a\u0642\u0629\u060c \u0648\u0630\u0644\u0643 \u0644\u0644\u0645\u0634\u0627\u0631\u0643\u0629 \u0641\u064a \u0645\u0624\u062a\u0645\u0631<\/strong><strong> FORAMS<\/strong><strong>\u060c \u0627\u0644\u0623\u0643\u0628\u0631 \u0639\u0627\u0644\u0645\u064a\u0627 \u0641\u064a \u0647\u0630\u0627 \u0627\u0644\u0645\u062c\u0627\u0644\u060c \u062d\u064a\u062b \u0646\u0627\u0644 \u0623\u064a\u0636\u064b\u0627 \u062c\u0627\u0626\u0632\u0629 \u0623\u0641\u0636\u0644 \u0639\u0631\u0636 \u062a\u0642\u062f\u064a\u0645\u064a. \u0643\u0645\u0627 \u0641\u0627\u0632 \u0628\u062c\u0627\u0626\u0632\u0629<\/strong><strong> William Sliter Research <\/strong><strong>\u0644\u0639\u0627\u0645 2025\u060c \u0648\u0647\u064a \u0645\u0646 \u0627\u0644\u062c\u0648\u0627\u0626\u0632 \u0627\u0644\u0645\u0631\u0645\u0648\u0642\u0629 \u0627\u0644\u062a\u064a \u062a\u062f\u0639\u0645 \u0627\u0644\u0628\u0627\u062d\u062b\u064a\u0646 \u0627\u0644\u0634\u0628\u0627\u0628 \u0641\u064a \u062f\u0631\u0627\u0633\u0629 \u0627\u0644\u062d\u0641\u0631\u064a\u0627\u062a \u0627\u0644\u062f\u0642\u064a\u0642\u0629 \u0644\u0644\u0639\u0635\u0648\u0631 \u0627\u0644\u0648\u0633\u0637\u0649 \u0648\u0627\u0644\u062d\u062f\u064a\u062b\u0629. \u0628\u0627\u0644\u0625\u0636\u0627\u0641\u0629 \u0625\u0644\u0649 \u0630\u0644\u0643\u060c \u062a\u0645 \u0627\u062e\u062a\u064a\u0627\u0631\u0647 \u0644\u0644\u062d\u0635\u0648\u0644 \u0639\u0644\u0649 \u0645\u0646\u062d\u0629 \u0628\u062d\u062b\u064a\u0629 \u0645\u0646 \u0645\u0624\u0633\u0633\u0629<\/strong><strong> Marshal Foundation <\/strong><strong>\u0641\u064a \u0627\u0644\u0646\u0645\u0633\u0627\u060c \u0644\u0625\u062c\u0631\u0627\u0621 \u0623\u0628\u062d\u0627\u062b \u0628\u062c\u0627\u0645\u0639\u0629 \u0643\u0627\u0646\u0633\u0627\u0633 \u0641\u064a \u0627\u0644\u0648\u0644\u0627\u064a\u0627\u062a \u0627\u0644\u0645\u062a\u062d\u062f\u0629 \u0627\u0644\u0623\u0645\u0631\u064a\u0643\u064a\u0629<\/strong><strong>.<\/strong><strong><\/strong><\/p>\n\n\n\n<p class=\"has-text-align-right\"><strong>\u0648\u0641\u064a \u062e\u062a\u0627\u0645 \u0627\u0644\u0644\u0642\u0627\u0621\u060c \u0642\u062f\u0651\u0645 \u0627\u0644\u062f\u0643\u062a\u0648\u0631 \u062e\u0627\u0644\u062f \u0623\u0628\u0648 \u0634\u0646\u0628 \u0634\u0647\u0627\u062f\u0629 \u0634\u0643\u0631 \u0648\u062a\u0642\u062f\u064a\u0631 \u0644\u0643\u0644 \u0645\u0646 \u0627\u0644\u0628\u0631\u0648\u0641\u064a\u0633\u0648\u0631 \u0641\u0627\u062c\u0631\u0627\u064a\u062a\u0634 \u0648\u0627\u0644\u0628\u0627\u062d\u062b \u0645\u0635\u0637\u0641\u0649 \u0645\u062d\u0645\u062f \u0633\u064a\u062f\u060c \u0625\u0644\u0649 \u062c\u0627\u0646\u0628 \u0647\u062f\u0627\u064a\u0627 \u062a\u0630\u0643\u0627\u0631\u064a\u0629 \u0628\u0627\u0633\u0645 \u0627\u0644\u0645\u0643\u062a\u0628 \u0627\u0644\u062b\u0642\u0627\u0641\u064a \u0627\u0644\u0645\u0635\u0631\u064a \u0641\u064a \u0641\u064a\u064a\u0646\u0627\u060c \u0645\u0639\u0631\u0628\u064b\u0627 \u0639\u0646 \u062a\u0645\u0646\u064a\u0627\u062a\u0647 \u0628\u0645\u0632\u064a\u062f \u0645\u0646 \u0627\u0644\u062a\u0642\u062f\u0645 \u0648\u0627\u0644\u0646\u062c\u0627\u062d\u060c \u0628\u0645\u0627 \u064a\u0633\u0647\u0645 \u0641\u064a \u062f\u0639\u0645 \u0645\u0633\u064a\u0631\u0629 \u0627\u0644\u0628\u062d\u062b \u0627\u0644\u0639\u0644\u0645\u064a \u0648\u062e\u062f\u0645\u0629 \u062e\u0637\u0637 \u0627\u0644\u062a\u0646\u0645\u064a\u0629 \u0641\u064a \u0645\u0635\u0631<\/strong><strong>.<\/strong><strong><\/strong><\/p>\n\n\n\n<p class=\"has-text-align-right\"><strong>\u0648\u064a\u0623\u062a\u064a \u0647\u0630\u0627 \u0627\u0644\u062a\u0643\u0631\u064a\u0645 \u0641\u064a \u0625\u0637\u0627\u0631 \u062d\u0631\u0635 \u0627\u0644\u062f\u0648\u0644\u0629 \u0648\u0648\u0632\u0627\u0631\u0629 \u0627\u0644\u062a\u0639\u0644\u064a\u0645 \u0627\u0644\u0639\u0627\u0644\u064a \u0648\u0627\u0644\u0628\u062d\u062b \u0627\u0644\u0639\u0644\u0645\u064a \u0639\u0644\u0649 \u0625\u064a\u0641\u0627\u062f \u0627\u0644\u0645\u0628\u0639\u0648\u062b\u064a\u0646 \u0625\u0644\u0649 \u0623\u0631\u0642\u0649 \u0627\u0644\u062c\u0627\u0645\u0639\u0627\u062a \u0627\u0644\u0639\u0627\u0644\u0645\u064a\u0629\u060c \u0628\u0645\u0627 \u064a\u0639\u0632\u0632 \u0646\u0642\u0644 \u0627\u0644\u0645\u0639\u0631\u0641\u0629 \u0648\u0627\u0643\u062a\u0633\u0627\u0628 \u0627\u0644\u062e\u0628\u0631\u0627\u062a \u0641\u064a \u0627\u0644\u062a\u062e\u0635\u0635\u0627\u062a \u0627\u0644\u062d\u062f\u064a\u062b\u0629\u060c \u062f\u0639\u0645\u0627 \u0644\u0623\u0647\u062f\u0627\u0641 \u0627\u0644\u062a\u0646\u0645\u064a\u0629 \u0627\u0644\u0645\u0633\u062a\u062f\u0627\u0645\u0629<\/strong><strong>.<\/strong><strong><\/strong><\/p>\n\n\n\n<p><strong>Prof. Dr. Michael Wagreich<\/strong><\/p>\n\n\n\n<p>A distinguished professor in the fields of sedimentology and stratigraphy at the Geology Department, Faculty of Earth Sciences, Geography and Astronomy, University of Vienna, Austria. As a stratigrapher with an interest in paleoclimate and events in Earth History, and interested in the Anthropocene, especially in the geological and stratigraphic definition of this potential new unit of the Geological Timescale and the anthropogenic Earth System changes. Following this interest, he is a member of the Anthropocene Working Group (AWG), the committee of the International Commission on Stratigraphy, which investigates the Anthropocene as a stratigraphic unit.<\/p>\n\n\n\n<p>So far, he has published 310 articles, 3 books, 17 chapters, and 77 conference papers. He has a great impact in his field with a Hirsch index (H-index) of 52. He contributed with many Egyptian researchers from Cairo, Beni Suef, and Minia universities, as he supervised many PhD students and hosted many postdoc scholars as well.<\/p>\n\n\n\n<p>Die F\u00f6rderung von akademischem Austausch auf bilateraler Ebene geh\u00f6rt zu den zentralen Aufgaben des \u00c4gyptischen B\u00fcros f\u00fcr kulturelle Beziehungen und Studienangelegenheiten. Wesentlich ist hierbei die Betreuung von jungem \u00e4gyptischem Universit\u00e4tspersonal, das sich f\u00fcr einen Forschungsaufenthalt in \u00d6sterreich, Tschechien, Slowakei, Slowenien oder Ungarn befindet. Wir unterst\u00fctzen hinsichtlich Kontaktaufnahme und Vermittlung zur Gastuniversit\u00e4t, helfen bei auftretenden Schwierigkeiten weiter und koordinieren die offizielle Kommunikation mit dem \u00e4gyptischen Ministerium f\u00fcr Hochschulbildung und wissenschaftliche Forschung. Die \u00e4gyptischen Stipendiat*innen wiederum sind verpflichtet, mit uns in regelm\u00e4\u00dfigem Kontakt zu stehen und uns \u00fcber ihre Forschung und den geleisteten Fortschritt zu informieren. Im Anhang finden sich wichtige Formulare und Vorlagen auf Arabisch, die in diesem Zusammenhang notwendig sind.<\/p>\n\n\n\n<figure class=\"wp-block-gallery has-nested-images columns-default is-cropped wp-block-gallery-1 is-layout-flex wp-block-gallery-is-layout-flex\">\n<figure class=\"wp-block-image size-large\"><img loading=\"lazy\" decoding=\"async\" width=\"768\" height=\"1024\" data-id=\"1121\" src=\"https:\/\/educult-egyptembassy.at\/wp-content\/uploads\/2026\/04\/1-1-768x1024.jpeg\" alt=\"\" class=\"wp-image-1121\" srcset=\"https:\/\/educult-egyptembassy.at\/wp-content\/uploads\/2026\/04\/1-1-768x1024.jpeg 768w, https:\/\/educult-egyptembassy.at\/wp-content\/uploads\/2026\/04\/1-1-225x300.jpeg 225w, https:\/\/educult-egyptembassy.at\/wp-content\/uploads\/2026\/04\/1-1.jpeg 960w\" sizes=\"auto, (max-width: 768px) 100vw, 768px\" \/><\/figure>\n\n\n\n<figure class=\"wp-block-image size-large\"><img loading=\"lazy\" decoding=\"async\" width=\"768\" height=\"1024\" data-id=\"1123\" src=\"https:\/\/educult-egyptembassy.at\/wp-content\/uploads\/2026\/04\/2-768x1024.jpeg\" alt=\"\" class=\"wp-image-1123\" srcset=\"https:\/\/educult-egyptembassy.at\/wp-content\/uploads\/2026\/04\/2-768x1024.jpeg 768w, https:\/\/educult-egyptembassy.at\/wp-content\/uploads\/2026\/04\/2-225x300.jpeg 225w, https:\/\/educult-egyptembassy.at\/wp-content\/uploads\/2026\/04\/2.jpeg 960w\" sizes=\"auto, (max-width: 768px) 100vw, 768px\" \/><\/figure>\n\n\n\n<figure class=\"wp-block-image size-large\"><img loading=\"lazy\" decoding=\"async\" width=\"768\" height=\"1024\" data-id=\"1122\" src=\"https:\/\/educult-egyptembassy.at\/wp-content\/uploads\/2026\/04\/WhatsApp-Image-2026-04-11-at-10.45.35-768x1024.jpeg\" alt=\"\" class=\"wp-image-1122\" srcset=\"https:\/\/educult-egyptembassy.at\/wp-content\/uploads\/2026\/04\/WhatsApp-Image-2026-04-11-at-10.45.35-768x1024.jpeg 768w, https:\/\/educult-egyptembassy.at\/wp-content\/uploads\/2026\/04\/WhatsApp-Image-2026-04-11-at-10.45.35-225x300.jpeg 225w, https:\/\/educult-egyptembassy.at\/wp-content\/uploads\/2026\/04\/WhatsApp-Image-2026-04-11-at-10.45.35.jpeg 960w\" sizes=\"auto, (max-width: 768px) 100vw, 768px\" \/><\/figure>\n<\/figure>\n\n\n\n<p><\/p>\n\n\n\n<p><\/p>\n\n\n\n<blockquote class=\"wp-block-quote is-layout-flow wp-block-quote-is-layout-flow\">\n<p>A Zoom meeting has been held on: Wednesday, 10th of September 2025, 11.00 am \u2013 12.00 am<\/p>\n\n\n\n<p>The meeting started with mutual introductions of the new Cultural Counselor and <a><\/a>Head of Office in Vienna, Prof. Dr. Khaled Aboshanab, as well as the administrative officers, Dr. Anna DILTSCH, and Mr Olaf HAHN, to the Egyptian students who are pursuing their Master\u2019s and PhD programs in Hungary<\/p>\n\n\n\n<p>The meeting covers all the subjects that are of concern:<\/p>\n\n\n\n<p>1- Student follow-up and academic reports to ensure their smooth academic progress and financial support during their missions.<\/p>\n\n\n\n<p>2- The procedures that require approval for all trips abroad, attending conferences, and annual vacations, and the role of the cultural office for such aspects.<\/p>\n\n\n\n<p>3- Housing allowances: Who is eligible and how to apply, and how it is calculated?<\/p>\n\n\n\n<p>A Q&amp;A session to answer any additional queries that have not been addressed during the meeting, with an emphasis on the future regular meetings.<\/p>\n\n\n\n<p>Contacts<\/p>\n\n\n\n<p>\u062a\u0644\u064a\u0641\u0648\u0646\/Telefon: +43 1 405 34 09<\/p>\n\n\n\n<p>\u0641\u0627\u0643\u0633\/ Fax: +43 1 403 74 20<\/p>\n\n\n\n<p>Office E.mail: office@educult-egyptembassy.at<\/p>\n\n\n\n<p>Office Webpage: <a href=\"https:\/\/l.facebook.com\/l.php?u=https%3A%2F%2Feducult-egyptembassy.at%2F%3Ffbclid%3DIwZXh0bgNhZW0CMTAAYnJpZBEwS2ZzOGFNaEphZWV6dkljSQEeJwF3Hs6vkfWmFwu4QBoE_vo2PrmkyamWeuIxuIgJKfFHWTQzP6zG2Iu5Krc_aem_PKPFIPGNuMjT3yQ9Pl76Pw&amp;h=AT2ECu27sUfghZ1kj8o1D2KEuGsLlYVKj117WOIdIdF9vApBB3bFSP7Ndt5NA7YSfunNr2EUdbl9tbjZJAUNKPKmaw-G5SExbev45BHGaomAxzziLYHZL0iTqM-oxKUiFymqqVHHNC2b14YWEUE&amp;__tn__=-UK-R&amp;c[0]=AT2b2-a4JKMsTs0mD-705y-9gkSClExKXUf4wasBojR900G2N-f7pIf9l5w1hD_1yrjUw_pBvqKUjAduCqm_BsYHXP3Dc78mNPvQutQ8q95Z9wix9UM5UBQeSBFwjO7qiukzNRNUUMpVzoZfjNhzDCzEgsp3W2WmS1IhxzzP42CqhDq-0DR83A-0QsQhkwsW_3ox_4F136T1ei8m6nzhK45ahA\" rel=\"noreferrer noopener\" target=\"_blank\">https:\/\/educult-egyptembassy.at\/<\/a><\/p>\n\n\n\n<p>Office Facebook: <a href=\"https:\/\/www.facebook.com\/p\/Egypts-Office-for-Cultural-and-Educational-Relations-Vienna-100063609204484\/?__cft__[0]=AZXyOaq_BPVwoVelcPnvB2nSMyNeRxa10hej2ko0k3GeZ_2eeR4hQkUJ1fmLaQMH_OiwMhXggVmXvdMoOA1rIFt30pCh6VDvNJlZFvo5nUhCdOjDBY_7AD8BAV8j1Q1x7dhXogc9nFOZbYRy6l5lWSzRRPxwjNyU-6wShb-9vXOxGLOu3i5Qvihi0udU_2y5Azw&amp;__tn__=-UK-R\">https:\/\/www.facebook.com\/&#8230;\/Egypts-Office-for-Cultural&#8230;\/<\/a><\/p>\n<\/blockquote>\n\n\n\n<figure class=\"wp-block-gallery has-nested-images columns-default is-cropped wp-block-gallery-2 is-layout-flex wp-block-gallery-is-layout-flex\">\n<figure class=\"wp-block-image size-large\"><img loading=\"lazy\" decoding=\"async\" width=\"472\" height=\"1024\" data-id=\"646\" src=\"https:\/\/educult-egyptembassy.at\/wp-content\/uploads\/2025\/09\/WhatsApp-Image-2025-09-10-at-10.40.05-1-472x1024.jpeg\" alt=\"\" class=\"wp-image-646\" srcset=\"https:\/\/educult-egyptembassy.at\/wp-content\/uploads\/2025\/09\/WhatsApp-Image-2025-09-10-at-10.40.05-1-472x1024.jpeg 472w, https:\/\/educult-egyptembassy.at\/wp-content\/uploads\/2025\/09\/WhatsApp-Image-2025-09-10-at-10.40.05-1-138x300.jpeg 138w, https:\/\/educult-egyptembassy.at\/wp-content\/uploads\/2025\/09\/WhatsApp-Image-2025-09-10-at-10.40.05-1-708x1536.jpeg 708w, https:\/\/educult-egyptembassy.at\/wp-content\/uploads\/2025\/09\/WhatsApp-Image-2025-09-10-at-10.40.05-1.jpeg 738w\" sizes=\"auto, (max-width: 472px) 100vw, 472px\" \/><\/figure>\n\n\n\n<figure class=\"wp-block-image size-large\"><img loading=\"lazy\" decoding=\"async\" width=\"472\" height=\"1024\" data-id=\"648\" src=\"https:\/\/educult-egyptembassy.at\/wp-content\/uploads\/2025\/09\/WhatsApp-Image-2025-09-10-at-11.40.07-472x1024.jpeg\" alt=\"\" class=\"wp-image-648\" srcset=\"https:\/\/educult-egyptembassy.at\/wp-content\/uploads\/2025\/09\/WhatsApp-Image-2025-09-10-at-11.40.07-472x1024.jpeg 472w, https:\/\/educult-egyptembassy.at\/wp-content\/uploads\/2025\/09\/WhatsApp-Image-2025-09-10-at-11.40.07-138x300.jpeg 138w, https:\/\/educult-egyptembassy.at\/wp-content\/uploads\/2025\/09\/WhatsApp-Image-2025-09-10-at-11.40.07-708x1536.jpeg 708w, https:\/\/educult-egyptembassy.at\/wp-content\/uploads\/2025\/09\/WhatsApp-Image-2025-09-10-at-11.40.07.jpeg 738w\" sizes=\"auto, (max-width: 472px) 100vw, 472px\" \/><\/figure>\n\n\n\n<figure class=\"wp-block-image size-large\"><img loading=\"lazy\" decoding=\"async\" width=\"472\" height=\"1024\" data-id=\"647\" src=\"https:\/\/educult-egyptembassy.at\/wp-content\/uploads\/2025\/09\/WhatsApp-Image-2025-09-10-at-11.40.08-472x1024.jpeg\" alt=\"\" class=\"wp-image-647\" srcset=\"https:\/\/educult-egyptembassy.at\/wp-content\/uploads\/2025\/09\/WhatsApp-Image-2025-09-10-at-11.40.08-472x1024.jpeg 472w, https:\/\/educult-egyptembassy.at\/wp-content\/uploads\/2025\/09\/WhatsApp-Image-2025-09-10-at-11.40.08-138x300.jpeg 138w, https:\/\/educult-egyptembassy.at\/wp-content\/uploads\/2025\/09\/WhatsApp-Image-2025-09-10-at-11.40.08-708x1536.jpeg 708w, https:\/\/educult-egyptembassy.at\/wp-content\/uploads\/2025\/09\/WhatsApp-Image-2025-09-10-at-11.40.08.jpeg 738w\" sizes=\"auto, (max-width: 472px) 100vw, 472px\" \/><\/figure>\n<\/figure>\n","protected":false},"excerpt":{"rendered":"<p>\u062a\u0643\u0631\u064a\u0645 \u0645\u0643\u062a\u0628 \u0645\u0635\u0631 \u0644\u0644\u0639\u0644\u0627\u0642\u0627\u062a \u0627\u0644\u062b\u0642\u0627\u0641\u064a\u0629 \u0648\u0627\u0644\u062a\u0639\u0644\u064a\u0645\u064a\u0629 \u0627\u0644\u0628\u0631\u0648\u0641\u064a\u0633\u0648\u0631 \u0645\u0627\u064a\u0643\u0644 \u0641\u0627\u062c\u0631\u0627\u064a\u062a\u0634 \u0627\u0633\u062a\u0627\u0630 \u0627\u0644\u062c\u064a\u0648\u0644\u0648\u062c\u064a\u0627 \u0643\u0644\u064a\u0629 \u0639\u0644\u0648\u0645 \u0627\u0644\u0623\u0631\u0636 \u0648\u0627\u0644\u062c\u063a\u0631\u0627\u0641\u064a\u0627 \u0648\u0627\u0644\u0641\u0644\u0643 \u062c\u0627\u0645\u0639\u0629 \u0641\u064a\u064a\u0646\u0627 \u0628\u0627\u0644\u0646\u0645\u0633\u0627 \u0648\u0627\u0644\u0645\u0634\u0631\u0641 \u0639\u0644\u064a \u0631\u0633\u0627\u0644\u0629 \u0627\u0644\u062f\u0643\u062a\u0648\u0631\u0627\u0647 \u0644\u0644\u0645\u0628\u062a\u0639\u062b \u0645\u0635\u0637\u0641\u064a \u0645\u062d\u0645\u062f \u0633\u064a\u062f\u00a0 \u0644\u062d\u0635\u0648\u0644\u0647 \u0639\u0644\u0649 \u062f\u0631\u062c\u0647 \u0627\u0644\u062f\u0643\u062a\u0648\u0631\u0627\u0647 \u0628\u062a\u0642\u062f\u064a\u0631 \u0627\u0645\u062a\u064a\u0627\u0632 \u0645\u0646 \u062c\u0627\u0645\u0639\u0629 \u0641\u064a\u064a\u0646\u0627 \u062a\u0643\u0631\u064a\u0645 \u0639\u0644\u0645\u064a \u064a\u0639\u0643\u0633 \u062c\u0633\u0648\u0631 &hellip; <a href=\"https:\/\/educult-egyptembassy.at\/index.php\/130-2\/\">Continue reading <span class=\"meta-nav\">&rarr;<\/span><\/a><\/p>\n","protected":false},"author":1,"featured_media":0,"parent":0,"menu_order":1,"comment_status":"closed","ping_status":"closed","template":"","meta":{"footnotes":""},"class_list":["post-130","page","type-page","status-publish","hentry"],"_links":{"self":[{"href":"https:\/\/educult-egyptembassy.at\/index.php\/wp-json\/wp\/v2\/pages\/130","targetHints":{"allow":["GET"]}}],"collection":[{"href":"https:\/\/educult-egyptembassy.at\/index.php\/wp-json\/wp\/v2\/pages"}],"about":[{"href":"https:\/\/educult-egyptembassy.at\/index.php\/wp-json\/wp\/v2\/types\/page"}],"author":[{"embeddable":true,"href":"https:\/\/educult-egyptembassy.at\/index.php\/wp-json\/wp\/v2\/users\/1"}],"replies":[{"embeddable":true,"href":"https:\/\/educult-egyptembassy.at\/index.php\/wp-json\/wp\/v2\/comments?post=130"}],"version-history":[{"count":8,"href":"https:\/\/educult-egyptembassy.at\/index.php\/wp-json\/wp\/v2\/pages\/130\/revisions"}],"predecessor-version":[{"id":1127,"href":"https:\/\/educult-egyptembassy.at\/index.php\/wp-json\/wp\/v2\/pages\/130\/revisions\/1127"}],"wp:attachment":[{"href":"https:\/\/educult-egyptembassy.at\/index.php\/wp-json\/wp\/v2\/media?parent=130"}],"curies":[{"name":"wp","href":"https:\/\/api.w.org\/{rel}","templated":true}]}}